{"id":88,"date":"2024-07-09T23:02:57","date_gmt":"2024-07-09T21:02:57","guid":{"rendered":"https:\/\/o-suna.fr\/?page_id=88"},"modified":"2024-07-10T12:13:29","modified_gmt":"2024-07-10T10:13:29","slug":"les-musiciens","status":"publish","type":"page","link":"https:\/\/o-suna.fr\/index.php\/les-musiciens\/","title":{"rendered":"Les musicien\u22c5nes"},"content":{"rendered":"\n<div class=\"wp-block-columns is-layout-flex wp-container-core-columns-is-layout-1 wp-block-columns-is-layout-flex\">\n<div class=\"wp-block-column is-vertically-aligned-center is-layout-flow wp-block-column-is-layout-flow\" style=\"flex-basis:100%\">\n<p class=\"has-text-align-left\"><strong><mark style=\"background-color:rgba(0, 0, 0, 0)\" class=\"has-inline-color has-black-color\">\u00c9lodie Poirier<\/mark><\/strong><br>Chant, nyckelharpa, violoncelle, viole de gambe<\/p>\n<\/div>\n\n\n\n<div class=\"wp-block-column is-layout-flow wp-block-column-is-layout-flow\" style=\"flex-basis:100%\">\n<p class=\"has-text-align-left\"><\/p>\n\n\n\n<figure class=\"wp-block-image size-large\"><img loading=\"lazy\" decoding=\"async\" width=\"1024\" height=\"683\" src=\"https:\/\/o-suna.fr\/wp-content\/uploads\/2024\/07\/DSF1053-1024x683.jpg\" alt=\"\" class=\"wp-image-96\" srcset=\"https:\/\/o-suna.fr\/wp-content\/uploads\/2024\/07\/DSF1053-1024x683.jpg 1024w, https:\/\/o-suna.fr\/wp-content\/uploads\/2024\/07\/DSF1053-300x200.jpg 300w, https:\/\/o-suna.fr\/wp-content\/uploads\/2024\/07\/DSF1053-768x512.jpg 768w, https:\/\/o-suna.fr\/wp-content\/uploads\/2024\/07\/DSF1053-1536x1024.jpg 1536w, https:\/\/o-suna.fr\/wp-content\/uploads\/2024\/07\/DSF1053-2048x1365.jpg 2048w\" sizes=\"auto, (max-width: 1024px) 100vw, 1024px\" \/><figcaption class=\"wp-element-caption\">Photo Bruno Verrier<\/figcaption><\/figure>\n<\/div>\n<\/div>\n\n\n\n<p>\u00c9lodie Poirier a d\u00e9but\u00e9 ses \u00e9tudes de violoncelle au Conservatoire de Grenoble, puis \u00e0 l&rsquo;\u00c9cole Nationale de Musique de Villeurbanne o\u00f9 elle d\u00e9couvre les musiques traditionnelles et actuelles. Elle participe \u00e0 plusieurs projets de m\u00e9tissage musical (maloya, flamenco, trip-hop) et d\u00e9veloppe l&rsquo;improvisation au violoncelle et autres instruments \u00e0 archets orientaux (dilruba, k\u00e9mantch\u00e9). Elle se forme en musique ancienne \u00e0 la Haute \u00c9cole de Musique de Gen\u00e8ve o\u00f9 elle obtient son bachelor de violoncelle baroque aupr\u00e8s de Bruno Cocset en 2017.<br>Elle d\u00e9veloppe \u00e9galement la pratique du chant, du nyckelharpa et de la vi\u00e8le, notamment dans les musiques m\u00e9di\u00e9vales qu&rsquo;elle d\u00e9couvre \u00e0 travers des stages \u00e0 l&rsquo;acad\u00e9mie de musique ancienne du Thoronet ; aupr\u00e8s de Dominique Vellard et Anne Delafosse, au centre de musique m\u00e9di\u00e9vale de Paris ainsi qu&rsquo;\u00e0 la HEM de Gen\u00e8ve aupr\u00e8s de Francis Biggi. Elle joue aujourd&rsquo;hui r\u00e9guli\u00e8rement avec diff\u00e9rentes compagnies et ensembles de musiques anciennes et traditionnelles tels que Lucidarium, Merline, Imazelia, Armutan et Sangeet quintet.<\/p>\n\n\n\n<div class=\"wp-block-columns is-layout-flex wp-container-core-columns-is-layout-3 wp-block-columns-is-layout-flex\">\n<div class=\"wp-block-column is-layout-flow wp-block-column-is-layout-flow\" style=\"flex-basis:100%\">\n<hr class=\"wp-block-separator has-alpha-channel-opacity\"\/>\n\n\n\n<div class=\"wp-block-columns is-layout-flex wp-container-core-columns-is-layout-2 wp-block-columns-is-layout-flex\">\n<div class=\"wp-block-column is-vertically-aligned-center is-layout-flow wp-block-column-is-layout-flow\">\n<p><mark style=\"background-color:rgba(0, 0, 0, 0)\" class=\"has-inline-color has-black-color\"><strong>Vanessa Virot<\/strong><\/mark><br>Fl\u00fbtes \u00e0 bec, friscalettu, viole de gambe<\/p>\n<\/div>\n\n\n\n<div class=\"wp-block-column is-layout-flow wp-block-column-is-layout-flow\">\n<figure class=\"wp-block-image size-large\"><img loading=\"lazy\" decoding=\"async\" width=\"1024\" height=\"683\" src=\"https:\/\/o-suna.fr\/wp-content\/uploads\/2024\/07\/DSF1072-1024x683.jpg\" alt=\"\" class=\"wp-image-98\" srcset=\"https:\/\/o-suna.fr\/wp-content\/uploads\/2024\/07\/DSF1072-1024x683.jpg 1024w, https:\/\/o-suna.fr\/wp-content\/uploads\/2024\/07\/DSF1072-300x200.jpg 300w, https:\/\/o-suna.fr\/wp-content\/uploads\/2024\/07\/DSF1072-768x512.jpg 768w, https:\/\/o-suna.fr\/wp-content\/uploads\/2024\/07\/DSF1072-1536x1024.jpg 1536w, https:\/\/o-suna.fr\/wp-content\/uploads\/2024\/07\/DSF1072-2048x1365.jpg 2048w\" sizes=\"auto, (max-width: 1024px) 100vw, 1024px\" \/><figcaption class=\"wp-element-caption\">Photo Bruno Verrier<\/figcaption><\/figure>\n<\/div>\n<\/div>\n<\/div>\n<\/div>\n\n\n\n<p>Apr\u00e8s un d\u00e9tour par l&rsquo;anthropologie, musicienne passionn\u00e9e par les musiques anciennes et les musiques traditionnelles, Vanessa Virot se consacre \u00e0 la musique et l&rsquo;enseignement de celles-ci. Elle obtient un Dipl\u00f4me d&rsquo;\u00c9tat en 2013 \u00e0 l&rsquo;issue de sa formation au sein du Cefedem Auvergne Rh\u00f4ne-Alpes puis poursuit sa formation instrumentale et th\u00e9orique \u00e0 la Haute \u00c9cole de Musique de Gen\u00e8ve aupr\u00e8s de Gabriel Garrido et Daniele Bragetti en fl\u00fbte \u00e0 bec et Francis Biggi en musique m\u00e9di\u00e9vale. Elle obtient un Master of Art en fl\u00fbte \u00e0 bec en 2018.<br>\u00c0 travers l&rsquo;association Chimera d&rsquo;Oro et d&rsquo;autres projets, elle prend plaisir \u00e0 travailler sur le m\u00e9tissage et les rencontres musicales insolites tout en prenant soin de red\u00e9couvrir et \u00e9tudier des r\u00e9pertoires en \u00e9troite relation avec les contextes culturels qui les ont produit. <br>Elle s&rsquo;ouvre \u00e9galement \u00e0 d&rsquo;autres styles musicaux tels que la musique contemporaine qui l&rsquo;am\u00e8ne \u00e0 d\u00e9velopper des pratiques de jeux originaux et la musique traditionnelle nordique o\u00f9 elle se forme \u00e0 travers diff\u00e9rents stages. Elle est \u00e9galement membre du trio Le Baluchon et du duo Zarbin\u00f4me, lieux o\u00f9 elle exp\u00e9rimente le lien entre musique et danse, la fronti\u00e8re entre l&rsquo;\u00e9crit et l&rsquo;improvisation ainsi que la libert\u00e9 de l&rsquo;arrangement et de la cr\u00e9ation. C\u00f4t\u00e9 p\u00e9dagogie, elle enseigne la fl\u00fbte \u00e0 bec au conservatoires d&rsquo;Annecy et de Feyzin.<\/p>\n\n\n\n<hr class=\"wp-block-separator has-alpha-channel-opacity\"\/>\n\n\n\n<div class=\"wp-block-columns is-layout-flex wp-container-core-columns-is-layout-5 wp-block-columns-is-layout-flex\">\n<div class=\"wp-block-column is-layout-flow wp-block-column-is-layout-flow\" style=\"flex-basis:100%\">\n<div class=\"wp-block-columns is-layout-flex wp-container-core-columns-is-layout-4 wp-block-columns-is-layout-flex\">\n<div class=\"wp-block-column is-vertically-aligned-center is-layout-flow wp-block-column-is-layout-flow\">\n<p><strong><mark style=\"background-color:rgba(0, 0, 0, 0)\" class=\"has-inline-color has-black-color\">Francesco Quartuccio<\/mark><\/strong><br>Tamburello, chant, accord\u00e9on<\/p>\n<\/div>\n\n\n\n<div class=\"wp-block-column is-layout-flow wp-block-column-is-layout-flow\">\n<figure class=\"wp-block-image size-large\"><img loading=\"lazy\" decoding=\"async\" width=\"683\" height=\"1024\" src=\"https:\/\/o-suna.fr\/wp-content\/uploads\/2024\/07\/DSF1063-683x1024.jpg\" alt=\"\" class=\"wp-image-99\" srcset=\"https:\/\/o-suna.fr\/wp-content\/uploads\/2024\/07\/DSF1063-683x1024.jpg 683w, https:\/\/o-suna.fr\/wp-content\/uploads\/2024\/07\/DSF1063-200x300.jpg 200w, https:\/\/o-suna.fr\/wp-content\/uploads\/2024\/07\/DSF1063-768x1152.jpg 768w, https:\/\/o-suna.fr\/wp-content\/uploads\/2024\/07\/DSF1063-1024x1536.jpg 1024w, https:\/\/o-suna.fr\/wp-content\/uploads\/2024\/07\/DSF1063-1365x2048.jpg 1365w, https:\/\/o-suna.fr\/wp-content\/uploads\/2024\/07\/DSF1063-scaled.jpg 1707w\" sizes=\"auto, (max-width: 683px) 100vw, 683px\" \/><figcaption class=\"wp-element-caption\">Photo Bruno Verrier<\/figcaption><\/figure>\n<\/div>\n<\/div>\n<\/div>\n<\/div>\n\n\n\n<p>Musicien, chanteur, interpr\u00e8te de musique populaire et glaneur de tradition orale, Francesco Quartuccio est n\u00e9 dans la banlieue du V\u00e9suve. Autodidacte, il a grandi avec la chanson classique napolitaine puis la tammurriata. \u00c9l\u00e8ve du maestro Antonio Matrone dit \u00a0\u00bb &lsquo;o Lion \u00a0\u00bb de Scafati, ma\u00eetre de tammorra, dans la r\u00e9gion de Campanie, il a travaill\u00e9 et enregistr\u00e9 avec diff\u00e9rents groupes en France et en Italie.<br>Il fait de nombreux concerts et spectacles de musique traditionnelle et populaire en France et en Italie notamment avec les ensembles Figli do Lione, Sonata Antiqua, Silva Mala, The Sylver Ring, Trifolk, Madrigalia, l&rsquo;Orchestre populaire de m\u00e9diterran\u00e9e, Occhi Turchini, Gli Ermafroditi. Il est \u00e9galement membre des groupes Tara&rsquo;nduo, Amaterra, Breizh Napoli, Abbal et Total Kheops avec lesquels il joue \u00e0 travers l&rsquo;Europe et est directeur artistique de la compagnie Arteteka et du Th\u00e9\u00e2tre de la cour.<\/p>\n\n\n\n<hr class=\"wp-block-separator has-alpha-channel-opacity\"\/>\n\n\n\n<div class=\"wp-block-columns is-layout-flex wp-container-core-columns-is-layout-6 wp-block-columns-is-layout-flex\">\n<div class=\"wp-block-column is-vertically-aligned-center is-layout-flow wp-block-column-is-layout-flow\">\n<p><strong><mark style=\"background-color:rgba(0, 0, 0, 0)\" class=\"has-inline-color has-black-color\">Gwena\u00ebl Dubois<\/mark><\/strong><br>Clavecin, chant<\/p>\n<\/div>\n\n\n\n<div class=\"wp-block-column is-layout-flow wp-block-column-is-layout-flow\">\n<figure class=\"wp-block-image size-large\"><img loading=\"lazy\" decoding=\"async\" width=\"683\" height=\"1024\" src=\"https:\/\/o-suna.fr\/wp-content\/uploads\/2024\/07\/DSF1080-683x1024.jpg\" alt=\"\" class=\"wp-image-103\" srcset=\"https:\/\/o-suna.fr\/wp-content\/uploads\/2024\/07\/DSF1080-683x1024.jpg 683w, https:\/\/o-suna.fr\/wp-content\/uploads\/2024\/07\/DSF1080-200x300.jpg 200w, https:\/\/o-suna.fr\/wp-content\/uploads\/2024\/07\/DSF1080-768x1152.jpg 768w, https:\/\/o-suna.fr\/wp-content\/uploads\/2024\/07\/DSF1080-1024x1536.jpg 1024w, https:\/\/o-suna.fr\/wp-content\/uploads\/2024\/07\/DSF1080-1365x2048.jpg 1365w, https:\/\/o-suna.fr\/wp-content\/uploads\/2024\/07\/DSF1080-scaled.jpg 1707w\" sizes=\"auto, (max-width: 683px) 100vw, 683px\" \/><figcaption class=\"wp-element-caption\">Photo Bruno Verrier<\/figcaption><\/figure>\n<\/div>\n<\/div>\n\n\n\n<p>Musicien \u00e9clectique de par sa pratique des musiques anciennes au clavecin ou \u00e0 l&rsquo;orgue et des musiques \u00e9lectroniques aux machines, Gwena\u00ebl Dubois navigue depuis de nombreuses ann\u00e9es parmi des projets musicaux tr\u00e8s vari\u00e9s. R\u00e9guli\u00e8rement invit\u00e9 comme continuiste ou soliste (Le Concert de l&rsquo;Hostel-Dieu, Les Voix d&rsquo;Atalante&#8230;), il est aussi membre actif de collectifs qui mettent au c\u0153ur de leur d\u00e9marche les questions de m\u00e9diation ou de transversalit\u00e9 (Chimera d&rsquo;Oro, Les R\u00e9cits&#8230;). Il a en effet particuli\u00e8rement \u00e0 c\u0153ur de faire dialoguer toutes ces approches et sensibilit\u00e9s musicales les une avec les autres.<br>Passionn\u00e9 par les questions de p\u00e9dagogie et de m\u00e9diation, militant des droits culturels et sociaux, il est anim\u00e9 par l&rsquo;id\u00e9e de cr\u00e9er la rencontre entre pratiques, esth\u00e9tiques, artistes et publics, et d&rsquo;\u0153uvrer ainsi, \u00e0 son \u00e9chelle, \u00e0 l&rsquo;\u00e9mergence de nouveaux imaginaires collectifs, d\u00e9cloisonnant cultures et soci\u00e9t\u00e9s. <br>Cette posture de musicien pas vraiment dans les cases et toujours en qu\u00eate d&rsquo;utopie l&rsquo;a conduit de fa\u00e7on presque logique \u00e0 choisir l&rsquo;enseignement de la formation musicale, discipline aussi fig\u00e9e dans les repr\u00e9sentations que porteuse d&rsquo;innovations artistiques et p\u00e9dagogiques. Apr\u00e8s dix ann\u00e9es \u00e0 l&rsquo;enseigner en mettant au centre de sa pratique la p\u00e9dagogie de projet et le renouvellement des cursus de formation, il int\u00e8gre ensuite le Cefedem Auvergne Rh\u00f4ne-Alpes comme formateur et coordinateur.<\/p>\n","protected":false},"excerpt":{"rendered":"<p>\u00c9lodie PoirierChant, nyckelharpa, violoncelle, viole de gambe \u00c9lodie Poirier a d\u00e9but\u00e9 ses \u00e9tudes de violoncelle au Conservatoire de Grenoble, puis \u00e0 l&rsquo;\u00c9cole Nationale de Musique de Villeurbanne o\u00f9 elle d\u00e9couvre<a href=\"https:\/\/o-suna.fr\/index.php\/les-musiciens\/\" class=\"more-link\"><span class=\"readmore\">Continue reading<span class=\"screen-reader-text\">Les musicien\u22c5nes<\/span><\/span><\/a><\/p>\n","protected":false},"author":1,"featured_media":0,"parent":0,"menu_order":2,"comment_status":"closed","ping_status":"closed","template":"","meta":{"footnotes":""},"class_list":["post-88","page","type-page","status-publish","hentry"],"_links":{"self":[{"href":"https:\/\/o-suna.fr\/index.php\/wp-json\/wp\/v2\/pages\/88","targetHints":{"allow":["GET"]}}],"collection":[{"href":"https:\/\/o-suna.fr\/index.php\/wp-json\/wp\/v2\/pages"}],"about":[{"href":"https:\/\/o-suna.fr\/index.php\/wp-json\/wp\/v2\/types\/page"}],"author":[{"embeddable":true,"href":"https:\/\/o-suna.fr\/index.php\/wp-json\/wp\/v2\/users\/1"}],"replies":[{"embeddable":true,"href":"https:\/\/o-suna.fr\/index.php\/wp-json\/wp\/v2\/comments?post=88"}],"version-history":[{"count":11,"href":"https:\/\/o-suna.fr\/index.php\/wp-json\/wp\/v2\/pages\/88\/revisions"}],"predecessor-version":[{"id":143,"href":"https:\/\/o-suna.fr\/index.php\/wp-json\/wp\/v2\/pages\/88\/revisions\/143"}],"wp:attachment":[{"href":"https:\/\/o-suna.fr\/index.php\/wp-json\/wp\/v2\/media?parent=88"}],"curies":[{"name":"wp","href":"https:\/\/api.w.org\/{rel}","templated":true}]}}