{"id":7,"date":"2024-07-08T20:47:03","date_gmt":"2024-07-08T18:47:03","guid":{"rendered":"https:\/\/o-suna.fr\/?page_id=7"},"modified":"2024-12-29T00:22:19","modified_gmt":"2024-12-28T23:22:19","slug":"o-suna","status":"publish","type":"page","link":"https:\/\/o-suna.fr\/","title":{"rendered":"O Suna"},"content":{"rendered":"\n<p>Le groupe O Suna propose un concert in\u00e9dit de musiques napolitaines d&rsquo;hier \u00e0 aujourd&rsquo;hui, m\u00ealant sonorit\u00e9s traditionnelles et r\u00e9pertoires anciens \u00e0 travers des arrangements innovants de chants, tarentelles, et pi\u00e8ces instrumentales. Ainsi, cet ensemble cherche \u00e0 cr\u00e9er la rencontre entre des traditions et des esth\u00e9tiques musicales aussi \u00e9loign\u00e9es dans le temps que proches g\u00e9ographiquement.<\/p>\n\n\n\n<p>L&rsquo;une des particularit\u00e9s du projet est donc le m\u00e9tissage entre les musiques napolitaines traditionnelles et anciennes, \u00e0 travers&nbsp;:<\/p>\n\n\n\n<ul class=\"wp-block-list\">\n<li>l&rsquo;association d&rsquo;instruments issus des deux traditions : clavecin, accord\u00e9on, friscalettu (fl\u00fbte traditionnelle sicilienne), tamburello, viole de gambe, violoncelle moderne<\/li>\n\n\n\n<li>le choix du r\u00e9pertoire : trarentelles du 17e si\u00e8cle \u00e0 nos jours, valses&#8230;<\/li>\n\n\n\n<li>le parcours et les traditions musicales des diff\u00e9rent\u22c5es musicien\u22c5nes du groupe<\/li>\n<\/ul>\n\n\n\n<p>Les concerts peuvent \u00eatre associ\u00e9s \u00e0 des temps de m\u00e9diation, musicaux ou dans\u00e9s avec notre public.<\/p>\n\n\n\n<figure class=\"wp-block-image size-large\"><img loading=\"lazy\" decoding=\"async\" width=\"1024\" height=\"683\" src=\"https:\/\/o-suna.fr\/wp-content\/uploads\/2024\/07\/20220312-_MG_0334-1024x683.jpg\" alt=\"\" class=\"wp-image-173\" srcset=\"https:\/\/o-suna.fr\/wp-content\/uploads\/2024\/07\/20220312-_MG_0334-1024x683.jpg 1024w, https:\/\/o-suna.fr\/wp-content\/uploads\/2024\/07\/20220312-_MG_0334-300x200.jpg 300w, https:\/\/o-suna.fr\/wp-content\/uploads\/2024\/07\/20220312-_MG_0334-768x512.jpg 768w, https:\/\/o-suna.fr\/wp-content\/uploads\/2024\/07\/20220312-_MG_0334-1536x1024.jpg 1536w, https:\/\/o-suna.fr\/wp-content\/uploads\/2024\/07\/20220312-_MG_0334-2048x1365.jpg 2048w\" sizes=\"auto, (max-width: 1024px) 100vw, 1024px\" \/><\/figure>\n","protected":false},"excerpt":{"rendered":"<p>Le groupe O Suna propose un concert in\u00e9dit de musiques napolitaines d&rsquo;hier \u00e0 aujourd&rsquo;hui, m\u00ealant sonorit\u00e9s traditionnelles et r\u00e9pertoires anciens \u00e0 travers des arrangements innovants de chants, tarentelles, et pi\u00e8ces<a href=\"https:\/\/o-suna.fr\/\" class=\"more-link\"><span class=\"readmore\">Continue reading<span class=\"screen-reader-text\">O Suna<\/span><\/span><\/a><\/p>\n","protected":false},"author":1,"featured_media":0,"parent":0,"menu_order":0,"comment_status":"closed","ping_status":"closed","template":"","meta":{"footnotes":""},"class_list":["post-7","page","type-page","status-publish","hentry"],"_links":{"self":[{"href":"https:\/\/o-suna.fr\/index.php\/wp-json\/wp\/v2\/pages\/7","targetHints":{"allow":["GET"]}}],"collection":[{"href":"https:\/\/o-suna.fr\/index.php\/wp-json\/wp\/v2\/pages"}],"about":[{"href":"https:\/\/o-suna.fr\/index.php\/wp-json\/wp\/v2\/types\/page"}],"author":[{"embeddable":true,"href":"https:\/\/o-suna.fr\/index.php\/wp-json\/wp\/v2\/users\/1"}],"replies":[{"embeddable":true,"href":"https:\/\/o-suna.fr\/index.php\/wp-json\/wp\/v2\/comments?post=7"}],"version-history":[{"count":16,"href":"https:\/\/o-suna.fr\/index.php\/wp-json\/wp\/v2\/pages\/7\/revisions"}],"predecessor-version":[{"id":189,"href":"https:\/\/o-suna.fr\/index.php\/wp-json\/wp\/v2\/pages\/7\/revisions\/189"}],"wp:attachment":[{"href":"https:\/\/o-suna.fr\/index.php\/wp-json\/wp\/v2\/media?parent=7"}],"curies":[{"name":"wp","href":"https:\/\/api.w.org\/{rel}","templated":true}]}}