{"id":46,"date":"2024-07-09T21:02:32","date_gmt":"2024-07-09T19:02:32","guid":{"rendered":"https:\/\/o-suna.fr\/?page_id=46"},"modified":"2024-07-10T12:16:29","modified_gmt":"2024-07-10T10:16:29","slug":"decouvrir-ecouter","status":"publish","type":"page","link":"https:\/\/o-suna.fr\/index.php\/decouvrir-ecouter\/","title":{"rendered":"D\u00e9couvrir, \u00e9couter"},"content":{"rendered":"\n<p><strong>Vid\u00e9o tourn\u00e9e Salle Erik Satie le 4 f\u00e9vrier 2021 \u00e0 V\u00e9nissieux (69)<\/strong><br>Mamma la rondinella : 0&rsquo;0\u00a0\u00bb<br>Vurria ca fosse ciaola : 5&rsquo;32\u00a0\u00bb<br>Fronna e Tammurriata : 8&rsquo;25\u00a0\u00bb<br>Chi passa per sta strada : 11&rsquo;24\u00a0\u00bb<\/p>\n\n\n\n<figure class=\"wp-block-boldblocks-youtube-block\"><div id=\"yb-video-jvKeeiqsTnE\" class=\"yb-player\" data-video-id=\"jvKeeiqsTnE\" data-title=\"Play\" style=\"background-image:url(https:\/\/img.youtube.com\/vi\/jvKeeiqsTnE\/hqdefault.jpg)\"><button type=\"button\" class=\"yb-btn-play\"><span class=\"visually-hidden\">Play<\/span><\/button><\/div><figcaption class=\"yb-caption\">\u00ab\u00a0Bella Napoli\u00a0\u00bb &#8211; Chimera d&rsquo;Oro<br><em>\u00c0 noter que Chimera d&rsquo;Oro est le nom de l&rsquo;association qui porte notre ensemble, parmi d&rsquo;autres. Jusqu&rsquo;\u00e0 d\u00e9but 2024 nous avons fait des concerts sous ce nom.<\/em><\/figcaption><\/figure>\n\n\n\n<hr class=\"wp-block-separator has-alpha-channel-opacity\"\/>\n\n\n\n<p><strong>Vid\u00e9o envoy\u00e9e par une personne du public lors de notre concert du 3 f\u00e9vrier 2024 au Rize \u00e0 Villeurbanne (69)<\/strong><br>Merci pour le partage !<br><strong><em>Modo Hypodorico<\/em>, Athanasius Kircher (1602-1680)<\/strong> : vous y d\u00e9couvrirez notre arrangement de cette pi\u00e8ce pour clavier comprenant une partie lente puis une rapide \u00e0 partir de 2 minutes environ.<\/p>\n\n\n\n<figure class=\"wp-block-video\"><video controls src=\"https:\/\/o-suna.fr\/wp-content\/uploads\/2024\/07\/video-pirate-Modo-Rize-Villeurbanne-03022024.mp4\"><\/video><\/figure>\n","protected":false},"excerpt":{"rendered":"<p>Vid\u00e9o tourn\u00e9e Salle Erik Satie le 4 f\u00e9vrier 2021 \u00e0 V\u00e9nissieux (69)Mamma la rondinella : 0&rsquo;0\u00a0\u00bbVurria ca fosse ciaola : 5&rsquo;32\u00a0\u00bbFronna e Tammurriata : 8&rsquo;25\u00a0\u00bbChi passa per sta strada :<a href=\"https:\/\/o-suna.fr\/index.php\/decouvrir-ecouter\/\" class=\"more-link\"><span class=\"readmore\">Continue reading<span class=\"screen-reader-text\">D\u00e9couvrir, \u00e9couter<\/span><\/span><\/a><\/p>\n","protected":false},"author":1,"featured_media":0,"parent":0,"menu_order":1,"comment_status":"closed","ping_status":"closed","template":"","meta":{"footnotes":""},"class_list":["post-46","page","type-page","status-publish","hentry"],"_links":{"self":[{"href":"https:\/\/o-suna.fr\/index.php\/wp-json\/wp\/v2\/pages\/46","targetHints":{"allow":["GET"]}}],"collection":[{"href":"https:\/\/o-suna.fr\/index.php\/wp-json\/wp\/v2\/pages"}],"about":[{"href":"https:\/\/o-suna.fr\/index.php\/wp-json\/wp\/v2\/types\/page"}],"author":[{"embeddable":true,"href":"https:\/\/o-suna.fr\/index.php\/wp-json\/wp\/v2\/users\/1"}],"replies":[{"embeddable":true,"href":"https:\/\/o-suna.fr\/index.php\/wp-json\/wp\/v2\/comments?post=46"}],"version-history":[{"count":37,"href":"https:\/\/o-suna.fr\/index.php\/wp-json\/wp\/v2\/pages\/46\/revisions"}],"predecessor-version":[{"id":146,"href":"https:\/\/o-suna.fr\/index.php\/wp-json\/wp\/v2\/pages\/46\/revisions\/146"}],"wp:attachment":[{"href":"https:\/\/o-suna.fr\/index.php\/wp-json\/wp\/v2\/media?parent=46"}],"curies":[{"name":"wp","href":"https:\/\/api.w.org\/{rel}","templated":true}]}}