{"id":44,"date":"2024-07-09T20:50:10","date_gmt":"2024-07-09T18:50:10","guid":{"rendered":"https:\/\/o-suna.fr\/?page_id=44"},"modified":"2024-07-10T18:25:17","modified_gmt":"2024-07-10T16:25:17","slug":"programme","status":"publish","type":"page","link":"https:\/\/o-suna.fr\/index.php\/programme\/","title":{"rendered":"Programme"},"content":{"rendered":"\n<p>Notre set \u00e9volue au gr\u00e9 de nos envies et au fil de notre tourn\u00e9e, mais voici \u00e0 titre indicatif une liste des morceaux que nous jouons.<\/p>\n\n\n\n<ul class=\"wp-block-list\">\n<li><em>Chi passa per sta strada<\/em>, Philippo Azzaiolo (1530-1570)<\/li>\n\n\n\n<li><em>Vurria ca fosse ciaola<\/em>, anonyme (16e si\u00e8cle)<\/li>\n\n\n\n<li><em>La suave e su currente<\/em>, Andrea Falconieri (1585-1656)<\/li>\n\n\n\n<li><em>Canzone del Pescatore<\/em>, traditionnel<\/li>\n\n\n\n<li><em>Dormite<\/em>, Pietro Andrez Ziani (1616-1684)<\/li>\n\n\n\n<li><em>Modo Hypodorico<\/em>, Athanasius Kircher (1602-1680)<\/li>\n\n\n\n<li><em>Antidotum Tarantulae<\/em>, Athanasius Kircher (1602-1680)<\/li>\n\n\n\n<li><em>Mamma la rondinella<\/em>, traditionnel sicilien<\/li>\n\n\n\n<li><em>Tarentella dell 600<\/em>, traditionnel<\/li>\n\n\n\n<li><em>Sia maledetta<\/em>, anonyme (16e si\u00e8cle)<\/li>\n\n\n\n<li><em>Lo ballo dell intorcia<\/em>, Antonio Valente (1520-1581)<\/li>\n\n\n\n<li><em>Fronna e tammurriata<\/em>, traditionnel<\/li>\n\n\n\n<li><em>Tarentella bella bella<\/em>, traditionnel<\/li>\n\n\n\n<li><em>Cu ti lu dissi<\/em>, valse traditionnelle sicilienne<\/li>\n<\/ul>\n\n\n\n<p>Nous fournissons quelques explications au fur et \u00e0 mesure du concert sur la provenance de ces morceaux et la fa\u00e7on dont nous les avons adapt\u00e9s \u00e0 notre effectif instrumental et \u00e0 nos envies musicales.<br>Par exemple, comment la m\u00e9decine pr\u00e9conisait de soigner les morsures de tarentules&#8230; en dansant la tarentelle !<\/p>\n\n\n<div class=\"wp-block-image\">\n<figure class=\"aligncenter size-full\"><img loading=\"lazy\" decoding=\"async\" width=\"480\" height=\"683\" src=\"https:\/\/o-suna.fr\/wp-content\/uploads\/2024\/07\/image.png\" alt=\"\" class=\"wp-image-181\" srcset=\"https:\/\/o-suna.fr\/wp-content\/uploads\/2024\/07\/image.png 480w, https:\/\/o-suna.fr\/wp-content\/uploads\/2024\/07\/image-211x300.png 211w\" sizes=\"auto, (max-width: 480px) 100vw, 480px\" \/><figcaption class=\"wp-element-caption\"><em>Magnes Sive De Arte Magnetica<\/em>, Athanasius Kircher, 1643<\/figcaption><\/figure><\/div>","protected":false},"excerpt":{"rendered":"<p>Notre set \u00e9volue au gr\u00e9 de nos envies et au fil de notre tourn\u00e9e, mais voici \u00e0 titre indicatif une liste des morceaux que nous jouons. Nous fournissons quelques explications<a href=\"https:\/\/o-suna.fr\/index.php\/programme\/\" class=\"more-link\"><span class=\"readmore\">Continue reading<span class=\"screen-reader-text\">Programme<\/span><\/span><\/a><\/p>\n","protected":false},"author":1,"featured_media":0,"parent":0,"menu_order":3,"comment_status":"closed","ping_status":"closed","template":"","meta":{"footnotes":""},"class_list":["post-44","page","type-page","status-publish","hentry"],"_links":{"self":[{"href":"https:\/\/o-suna.fr\/index.php\/wp-json\/wp\/v2\/pages\/44","targetHints":{"allow":["GET"]}}],"collection":[{"href":"https:\/\/o-suna.fr\/index.php\/wp-json\/wp\/v2\/pages"}],"about":[{"href":"https:\/\/o-suna.fr\/index.php\/wp-json\/wp\/v2\/types\/page"}],"author":[{"embeddable":true,"href":"https:\/\/o-suna.fr\/index.php\/wp-json\/wp\/v2\/users\/1"}],"replies":[{"embeddable":true,"href":"https:\/\/o-suna.fr\/index.php\/wp-json\/wp\/v2\/comments?post=44"}],"version-history":[{"count":8,"href":"https:\/\/o-suna.fr\/index.php\/wp-json\/wp\/v2\/pages\/44\/revisions"}],"predecessor-version":[{"id":190,"href":"https:\/\/o-suna.fr\/index.php\/wp-json\/wp\/v2\/pages\/44\/revisions\/190"}],"wp:attachment":[{"href":"https:\/\/o-suna.fr\/index.php\/wp-json\/wp\/v2\/media?parent=44"}],"curies":[{"name":"wp","href":"https:\/\/api.w.org\/{rel}","templated":true}]}}