{"id":105,"date":"2024-07-09T23:39:37","date_gmt":"2024-07-09T21:39:37","guid":{"rendered":"https:\/\/o-suna.fr\/?page_id=105"},"modified":"2024-07-10T12:14:12","modified_gmt":"2024-07-10T10:14:12","slug":"concerts-et-actualites","status":"publish","type":"page","link":"https:\/\/o-suna.fr\/index.php\/concerts-et-actualites\/","title":{"rendered":"Concerts et actualit\u00e9s"},"content":{"rendered":"\n<figure class=\"wp-block-image size-large\"><img loading=\"lazy\" decoding=\"async\" width=\"1024\" height=\"581\" src=\"https:\/\/o-suna.fr\/wp-content\/uploads\/2024\/07\/Photo-Vurria-Salle-Satie-1024x581.png\" alt=\"\" class=\"wp-image-111\" srcset=\"https:\/\/o-suna.fr\/wp-content\/uploads\/2024\/07\/Photo-Vurria-Salle-Satie-1024x581.png 1024w, https:\/\/o-suna.fr\/wp-content\/uploads\/2024\/07\/Photo-Vurria-Salle-Satie-300x170.png 300w, https:\/\/o-suna.fr\/wp-content\/uploads\/2024\/07\/Photo-Vurria-Salle-Satie-768x436.png 768w, https:\/\/o-suna.fr\/wp-content\/uploads\/2024\/07\/Photo-Vurria-Salle-Satie.png 1440w\" sizes=\"auto, (max-width: 1024px) 100vw, 1024px\" \/><figcaption class=\"wp-element-caption\">Photo Micka\u00ebl Pillisio<\/figcaption><\/figure>\n\n\n\n<ul class=\"wp-block-list\">\n<li><strong>20 octobre 2024<\/strong> : Saint Clair du Rh\u00f4ne (38)<\/li>\n\n\n\n<li><strong>3 f\u00e9vrier 2024<\/strong> : Escale musicale au Rize &#8211; Villeurbanne (69)<\/li>\n\n\n\n<li><strong>22 avril 2023<\/strong> : Concert de sortie de r\u00e9sidence \u00e0 la Note Bleue &#8211; Chonas l&rsquo;Amballan (38)<\/li>\n\n\n\n<li><strong>Du 19 au 22 avril 2023<\/strong> : r\u00e9sidence \u00e0 la Note Bleue &#8211; Chonas l&rsquo;Amballan (38)<\/li>\n\n\n\n<li><strong>12 mars 2022<\/strong> : Festival Italiart \/ Arteggio &#8211; Dijon (21)<\/li>\n\n\n\n<li><strong>11 mars 2022<\/strong> : Festival Italiart \/ Arteggio &#8211; Dijon (21)<\/li>\n\n\n\n<li><strong>5 juin 2021<\/strong> : Concert d&rsquo;un projet avec des \u00e9l\u00e8ves des \u00e9coles de musique de V\u00e9nissieux, Saint Fons et Feyzin &#8211; V\u00e9nissieux (69)<\/li>\n\n\n\n<li><strong>4 f\u00e9vrier 2021<\/strong> : Concert vid\u00e9o (cause covid-19) salle Erik Satie, V\u00e9nissieux (69)<\/li>\n\n\n\n<li><strong>Ann\u00e9e scolaire 2020-2021<\/strong> : r\u00e9sidence artistique et p\u00e9dagogique \u00e0 l&rsquo;\u00e9cole de musique Jean Wiener : construction d&rsquo;un projet avec l&rsquo;\u00e9quipe enseignante, puis production lors de deux concerts, dont l&rsquo;un avec les \u00e9l\u00e8ves &#8211; V\u00e9nissieux (69)<\/li>\n<\/ul>\n","protected":false},"excerpt":{"rendered":"","protected":false},"author":1,"featured_media":0,"parent":0,"menu_order":4,"comment_status":"closed","ping_status":"closed","template":"","meta":{"footnotes":""},"class_list":["post-105","page","type-page","status-publish","hentry"],"_links":{"self":[{"href":"https:\/\/o-suna.fr\/index.php\/wp-json\/wp\/v2\/pages\/105","targetHints":{"allow":["GET"]}}],"collection":[{"href":"https:\/\/o-suna.fr\/index.php\/wp-json\/wp\/v2\/pages"}],"about":[{"href":"https:\/\/o-suna.fr\/index.php\/wp-json\/wp\/v2\/types\/page"}],"author":[{"embeddable":true,"href":"https:\/\/o-suna.fr\/index.php\/wp-json\/wp\/v2\/users\/1"}],"replies":[{"embeddable":true,"href":"https:\/\/o-suna.fr\/index.php\/wp-json\/wp\/v2\/comments?post=105"}],"version-history":[{"count":4,"href":"https:\/\/o-suna.fr\/index.php\/wp-json\/wp\/v2\/pages\/105\/revisions"}],"predecessor-version":[{"id":144,"href":"https:\/\/o-suna.fr\/index.php\/wp-json\/wp\/v2\/pages\/105\/revisions\/144"}],"wp:attachment":[{"href":"https:\/\/o-suna.fr\/index.php\/wp-json\/wp\/v2\/media?parent=105"}],"curies":[{"name":"wp","href":"https:\/\/api.w.org\/{rel}","templated":true}]}}